{"id":388,"date":"2017-10-20T14:07:54","date_gmt":"2017-10-20T14:07:54","guid":{"rendered":"http:\/\/bridge96.qodeinteractive.com\/?page_id=388"},"modified":"2025-07-07T06:46:19","modified_gmt":"2025-07-07T06:46:19","slug":"thong-tin-lien-he","status":"publish","type":"page","link":"https:\/\/haimy.com\/zh\/%e8%81%94%e7%b3%bb%e6%96%b9%e5%bc%8f\/","title":{"rendered":"\u63a5\u89e6"},"content":{"rendered":"<div class=\"wpb-content-wrapper\"><div class=\"vc_row wpb_row section vc_row-fluid\" style=' text-align:left;'><div class=\"full_section_inner clearfix\"><div class=\"wpb_column vc_column_container vc_col-sm-12\"><div class=\"vc_column-inner\"><div class=\"wpb_wrapper\"><div class=\"wpb_gmaps_widget wpb_content_element\"><div class=\"wpb_wrapper\"><div class=\"wpb_map_wraper\"><iframe src=\"https:\/\/www.google.com\/maps\/embed?pb=!1m18!1m12!1m3!1d3918.0907626649464!2d106.5211502504073!3d10.880701092212798!2m3!1f0!2f0!3f0!3m2!1i1024!2i768!4f13.1!3m3!1m2!1s0x310ad55e705dff17%3A0x6b989e38346ca953!2zS2h1IEPDtG5nIE5naGnhu4dwIFh1ecOqbiDDgSA3NyBrbQ!5e0!3m2!1svi!2s!4v1663688346647!5m2!1svi!2s\" width=\"600\" height=\"450\" style=\"border:0;\" allowfullscreen=\"\" loading=\"lazy\" referrerpolicy=\"no-referrer-when-downgrade\"><\/iframe><\/div><\/div><\/div><\/div><\/div><\/div><\/div><\/div><div      class=\"vc_row wpb_row section vc_row-fluid  vc_custom_1575925556879 grid_section\" style=' text-align:left;'><div class=\"section_inner clearfix\"><div class='section_inner_margin clearfix'><div class=\"wpb_column vc_column_container vc_col-sm-12 vc_col-lg-8 vc_col-md-8 vc_col-xs-12\"><div class=\"vc_column-inner\"><div class=\"wpb_wrapper\">\n\t<div class=\"wpb_text_column wpb_content_element\">\n\t\t<div class=\"wpb_wrapper\">\n\t\t\t<h2 class=\"themecolor\">\u70ed\u7ebf\u5ba2\u6237\u54a8\u8be2\uff1a<\/h2>\n<h2 class=\"themecolor\">+84 978 475 575<\/h2>\n\n\t\t<\/div> \n\t<\/div> <div class=\"separator  small left\" style=\"background-color: #dd3333;height: 1.5px;width: 100px;\"><\/div>\n\t<div class=\"vc_empty_space\"  style=\"height: 90px\" ><span\n\t\t\tclass=\"vc_empty_space_inner\">\n\t\t\t<span class=\"empty_space_image\"  ><\/span>\n\t\t<\/span><\/div>\n\n\n<div class=\"wpcf7 no-js\" id=\"wpcf7-f125-o1\" lang=\"en-US\" dir=\"ltr\">\n<div class=\"screen-reader-response\"><p role=\"status\" aria-live=\"polite\" aria-atomic=\"true\"><\/p> <ul><\/ul><\/div>\n<form action=\"\/zh\/wp-json\/wp\/v2\/pages\/388#wpcf7-f125-o1\" method=\"post\" class=\"wpcf7-form init cf7_custom_style_2\" aria-label=\"Contact form\" novalidate=\"novalidate\" data-status=\"init\" data-trp-original-action=\"\/zh\/wp-json\/wp\/v2\/pages\/388#wpcf7-f125-o1\">\n<div style=\"display: none;\">\n<input type=\"hidden\" name=\"_wpcf7\" value=\"125\" \/>\n<input type=\"hidden\" name=\"_wpcf7_version\" value=\"5.7.5.1\" \/>\n<input type=\"hidden\" name=\"_wpcf7_locale\" value=\"en_US\" \/>\n<input type=\"hidden\" name=\"_wpcf7_unit_tag\" value=\"wpcf7-f125-o1\" \/>\n<input type=\"hidden\" name=\"_wpcf7_container_post\" value=\"0\" \/>\n<input type=\"hidden\" name=\"_wpcf7_posted_data_hash\" value=\"\" \/>\n<\/div>\n<div>\n\t<p><span class=\"wpcf7-form-control-wrap\" data-name=\"your-name\"><input size=\"40\" class=\"wpcf7-form-control wpcf7-text\" aria-invalid=\"false\" placeholder=\"\u4f60\u7684\u540d\u5b57\" value=\"\" type=\"text\" name=\"your-name\" \/><\/span>\n\t<\/p>\n<\/div>\n<div>\n\t<p><span class=\"wpcf7-form-control-wrap\" data-name=\"your-email\"><input size=\"40\" class=\"wpcf7-form-control wpcf7-text wpcf7-email wpcf7-validates-as-required wpcf7-validates-as-email\" aria-required=\"true\" aria-invalid=\"false\" placeholder=\"Email\" value=\"\" type=\"email\" name=\"your-email\" \/><\/span>\n\t<\/p>\n<\/div>\n<div>\n\t<p><span class=\"wpcf7-form-control-wrap\" data-name=\"your-message\"><textarea cols=\"40\" rows=\"10\" class=\"wpcf7-form-control wpcf7-textarea\" aria-invalid=\"false\" placeholder=\"\u5185\u5bb9\" name=\"your-message\"><\/textarea><\/span>\n\t<\/p>\n<\/div>\n<div id=\"cf7sr-69d03b6382841\" class=\"cf7sr-g-recaptcha\" data-sitekey=\"6Lfb3dshAAAAAB4kUz7diz7jPK2GHDecVd0wdyjH\"><\/div><span class=\"wpcf7-form-control-wrap cf7sr-recaptcha\" data-name=\"cf7sr-recaptcha\"><input type=\"hidden\" name=\"cf7sr-recaptcha\" value=\"\" class=\"wpcf7-form-control\"><\/span><br \/>\n<input class=\"wpcf7-form-control has-spinner wpcf7-submit\" type=\"submit\" value=\"\u53d1\u9001\" \/>\n<\/p><div class=\"wpcf7-response-output\" aria-hidden=\"true\"><\/div>\n<input type=\"hidden\" name=\"trp-form-language\" value=\"zh\"\/><\/form>\n<\/div>\n\t<div class=\"vc_empty_space\"  style=\"height: 40px\" ><span\n\t\t\tclass=\"vc_empty_space_inner\">\n\t\t\t<span class=\"empty_space_image\"  ><\/span>\n\t\t<\/span><\/div>\n\n<\/div><\/div><\/div><div class=\"wpb_column vc_column_container vc_col-sm-12 vc_col-lg-4 vc_col-md-4 vc_col-xs-12\"><div class=\"vc_column-inner\"><div class=\"wpb_wrapper\">\t<div class=\"vc_empty_space\"  style=\"height: 10px\" ><span\n\t\t\tclass=\"vc_empty_space_inner\">\n\t\t\t<span class=\"empty_space_image\"  ><\/span>\n\t\t<\/span><\/div>\n\n\n\t<div class=\"wpb_single_image wpb_content_element vc_align_left\">\n\t\t<div class=\"wpb_wrapper\">\n\t\t\t\n\t\t\t<div class=\"vc_single_image-wrapper vc_box_shadow_border  vc_box_border_grey\"><img width=\"787\" height=\"476\" src=\"https:\/\/haimy.com\/wp-content\/uploads\/2019\/12\/home-gia-ke-kho-chua-hang-hai-my-rack-ke-pallet-Double-deep.jpg\" class=\"vc_single_image-img attachment-full\" alt=\"\" decoding=\"async\" loading=\"lazy\" title=\"home-gia-ke-kho-chua-hang-hai-my-rack-ke-pallet-Double-deep\" srcset=\"https:\/\/haimy.com\/wp-content\/uploads\/2019\/12\/home-gia-ke-kho-chua-hang-hai-my-rack-ke-pallet-Double-deep.jpg 787w, https:\/\/haimy.com\/wp-content\/uploads\/2019\/12\/home-gia-ke-kho-chua-hang-hai-my-rack-ke-pallet-Double-deep-300x181.jpg 300w, https:\/\/haimy.com\/wp-content\/uploads\/2019\/12\/home-gia-ke-kho-chua-hang-hai-my-rack-ke-pallet-Double-deep-768x465.jpg 768w, https:\/\/haimy.com\/wp-content\/uploads\/2019\/12\/home-gia-ke-kho-chua-hang-hai-my-rack-ke-pallet-Double-deep-700x423.jpg 700w\" sizes=\"(max-width: 787px) 100vw, 787px\" \/><\/div>\n\t\t<\/div>\n\t<\/div>\n\t<div class=\"vc_empty_space\"  style=\"height: 40px\" ><span\n\t\t\tclass=\"vc_empty_space_inner\">\n\t\t\t<span class=\"empty_space_image\"  ><\/span>\n\t\t<\/span><\/div>\n\n\n\t<div class=\"wpb_text_column wpb_content_element\">\n\t\t<div class=\"wpb_wrapper\">\n\t\t\t<h4>\u5de5\u5382<\/h4>\n\n\t\t<\/div> \n\t<\/div> \t<div class=\"vc_empty_space\"  style=\"height: 15px\" ><span\n\t\t\tclass=\"vc_empty_space_inner\">\n\t\t\t<span class=\"empty_space_image\"  ><\/span>\n\t\t<\/span><\/div>\n\n\n\t<div class=\"wpb_text_column wpb_content_element\">\n\t\t<div class=\"wpb_wrapper\">\n\t\t\t<p>L\u00f4 HF6-HF7, \u0110\u01b0\u1eddng s\u1ed1 3, Khu C\u00f4ng Nghi\u1ec7p Xuy\u00ean \u00c1, X\u00e3 \u0110\u1ee9c L\u1eadp, T\u1ec9nh T\u00e2y Ninh, Vi\u1ec7t Nam.<\/p>\n\n\t\t<\/div> \n\t<\/div> \t<div class=\"vc_empty_space\"  style=\"height: 25px\" ><span\n\t\t\tclass=\"vc_empty_space_inner\">\n\t\t\t<span class=\"empty_space_image\"  ><\/span>\n\t\t<\/span><\/div>\n\n\n\t<div class=\"wpb_text_column wpb_content_element\">\n\t\t<div class=\"wpb_wrapper\">\n\t\t\t<h4>Hotline<\/h4>\n\n\t\t<\/div> \n\t<\/div> \t<div class=\"vc_empty_space\"  style=\"height: 15px\" ><span\n\t\t\tclass=\"vc_empty_space_inner\">\n\t\t\t<span class=\"empty_space_image\"  ><\/span>\n\t\t<\/span><\/div>\n\n\n\t<div class=\"wpb_text_column wpb_content_element\">\n\t\t<div class=\"wpb_wrapper\">\n\t\t\t<p>+84 078475575<\/p>\n\n\t\t<\/div> \n\t<\/div> \t<div class=\"vc_empty_space\"  style=\"height: 25px\" ><span\n\t\t\tclass=\"vc_empty_space_inner\">\n\t\t\t<span class=\"empty_space_image\"  ><\/span>\n\t\t<\/span><\/div>\n\n\n\t<div class=\"wpb_text_column wpb_content_element\">\n\t\t<div class=\"wpb_wrapper\">\n\t\t\t<h4>Email<\/h4>\n\n\t\t<\/div> \n\t<\/div> \t<div class=\"vc_empty_space\"  style=\"height: 15px\" ><span\n\t\t\tclass=\"vc_empty_space_inner\">\n\t\t\t<span class=\"empty_space_image\"  ><\/span>\n\t\t<\/span><\/div>\n\n\n\t<div class=\"wpb_text_column wpb_content_element\">\n\t\t<div class=\"wpb_wrapper\">\n\t\t\t<p>contact@haimy.com<\/p>\n\n\t\t<\/div> \n\t<\/div> <\/div><\/div><\/div><\/div><\/div><\/div>\n<\/div>","protected":false},"excerpt":{"rendered":"HOTLINE T\u01af V\u1ea4N KH\u00c1CH H\u00c0NG: +84 978 475 575 Nh\u00e0 m\u00e1y s\u1ea3n xu\u1ea5t L\u00f4 HF6-HF7, \u0110\u01b0\u1eddng s\u1ed1 3, Khu C\u00f4ng...","protected":false},"author":2,"featured_media":7683,"parent":0,"menu_order":0,"comment_status":"closed","ping_status":"closed","template":"full_width.php","meta":[],"yoast_head":"<!-- This site is optimized with the Yoast SEO plugin v20.4 - https:\/\/yoast.com\/wordpress\/plugins\/seo\/ -->\n<title>Th\u00f4ng tin li\u00ean h\u1ec7 - HAIMY RACK<\/title>\n<meta name=\"description\" content=\"Th\u00f4ng tin li\u00ean h\u1ec7 C\u00f4ng ty C\u1ed5 Ph\u1ea7n C\u00f4ng Nghi\u1ec7p Hai My (Hai My Rack). Qu\u00fd kh\u00e1ch h\u00e0ng mua k\u1ec7 vui l\u00f2ng li\u00ean h\u1ec7: 0978 475 575 ho\u1eb7c Email: contact@haimy.com .......\" \/>\n<meta name=\"robots\" content=\"index, follow, max-snippet:-1, max-image-preview:large, max-video-preview:-1\" \/>\n<link rel=\"canonical\" href=\"https:\/\/haimy.com\/zh\/\u8054\u7cfb\u65b9\u5f0f\/\" \/>\n<meta property=\"og:locale\" content=\"zh_CN\" \/>\n<meta property=\"og:type\" content=\"article\" \/>\n<meta property=\"og:title\" content=\"Th\u00f4ng tin li\u00ean h\u1ec7 - HAIMY RACK\" \/>\n<meta property=\"og:description\" content=\"Th\u00f4ng tin li\u00ean h\u1ec7 C\u00f4ng ty C\u1ed5 Ph\u1ea7n C\u00f4ng Nghi\u1ec7p Hai My (Hai My Rack). Qu\u00fd kh\u00e1ch h\u00e0ng mua k\u1ec7 vui l\u00f2ng li\u00ean h\u1ec7: 0978 475 575 ho\u1eb7c Email: contact@haimy.com .......\" \/>\n<meta property=\"og:url\" content=\"https:\/\/haimy.com\/zh\/\u8054\u7cfb\u65b9\u5f0f\/\" \/>\n<meta property=\"og:site_name\" content=\"HAIMY RACK\" \/>\n<meta property=\"article:publisher\" content=\"https:\/\/www.facebook.com\/khokechuahang\/\" \/>\n<meta property=\"article:modified_time\" content=\"2025-07-07T06:46:19+00:00\" \/>\n<meta property=\"og:image\" content=\"https:\/\/haimy.com\/wp-content\/uploads\/2023\/06\/logo-hai-my-rack.png\" \/>\n\t<meta property=\"og:image:width\" content=\"2000\" \/>\n\t<meta property=\"og:image:height\" content=\"2000\" \/>\n\t<meta property=\"og:image:type\" content=\"image\/png\" \/>\n<meta name=\"twitter:card\" content=\"summary_large_image\" \/>\n<meta name=\"twitter:label1\" content=\"\u9884\u8ba1\u9605\u8bfb\u65f6\u95f4\" \/>\n\t<meta name=\"twitter:data1\" content=\"1\u5206\" \/>\n<script type=\"application\/ld+json\" class=\"yoast-schema-graph\">{\"@context\":\"https:\/\/schema.org\",\"@graph\":[{\"@type\":\"WebPage\",\"@id\":\"https:\/\/haimy.com\/thong-tin-lien-he\/\",\"url\":\"https:\/\/haimy.com\/thong-tin-lien-he\/\",\"name\":\"Th\u00f4ng tin li\u00ean h\u1ec7 - HAIMY RACK\",\"isPartOf\":{\"@id\":\"https:\/\/haimy.com\/#website\"},\"datePublished\":\"2017-10-20T14:07:54+00:00\",\"dateModified\":\"2025-07-07T06:46:19+00:00\",\"description\":\"Th\u00f4ng tin li\u00ean h\u1ec7 C\u00f4ng ty C\u1ed5 Ph\u1ea7n C\u00f4ng Nghi\u1ec7p Hai My (Hai My Rack). Qu\u00fd kh\u00e1ch h\u00e0ng mua k\u1ec7 vui l\u00f2ng li\u00ean h\u1ec7: 0978 475 575 ho\u1eb7c Email: contact@haimy.com .......\",\"breadcrumb\":{\"@id\":\"https:\/\/haimy.com\/thong-tin-lien-he\/#breadcrumb\"},\"inLanguage\":\"zh-CN\",\"potentialAction\":[{\"@type\":\"ReadAction\",\"target\":[\"https:\/\/haimy.com\/thong-tin-lien-he\/\"]}]},{\"@type\":\"BreadcrumbList\",\"@id\":\"https:\/\/haimy.com\/thong-tin-lien-he\/#breadcrumb\",\"itemListElement\":[{\"@type\":\"ListItem\",\"position\":1,\"name\":\"Trang ch\u1ee7\",\"item\":\"https:\/\/haimy.com\/\"},{\"@type\":\"ListItem\",\"position\":2,\"name\":\"Th\u00f4ng tin li\u00ean h\u1ec7\"}]},{\"@type\":\"WebSite\",\"@id\":\"https:\/\/haimy.com\/#website\",\"url\":\"https:\/\/haimy.com\/\",\"name\":\"HAIMY RACK\",\"description\":\"Nh\u00e0 s\u1ea3n xu\u1ea5t h\u1ec7 th\u1ed1ng kho k\u1ec7 ch\u1ee9a h\u00e0ng h\u00e0ng \u0111\u1ea7u t\u1ea1i Vi\u1ec7t Nam\",\"publisher\":{\"@id\":\"https:\/\/haimy.com\/#organization\"},\"potentialAction\":[{\"@type\":\"SearchAction\",\"target\":{\"@type\":\"EntryPoint\",\"urlTemplate\":\"https:\/\/haimy.com\/?s={search_term_string}\"},\"query-input\":\"required name=search_term_string\"}],\"inLanguage\":\"zh-CN\"},{\"@type\":\"Organization\",\"@id\":\"https:\/\/haimy.com\/#organization\",\"name\":\"HAIMY RACK\",\"url\":\"https:\/\/haimy.com\/\",\"logo\":{\"@type\":\"ImageObject\",\"inLanguage\":\"zh-CN\",\"@id\":\"https:\/\/haimy.com\/#\/schema\/logo\/image\/\",\"url\":\"https:\/\/haimy.com\/wp-content\/uploads\/2017\/10\/1365498518_Logo_HaiMy_warehouse_3.jpg\",\"contentUrl\":\"https:\/\/haimy.com\/wp-content\/uploads\/2017\/10\/1365498518_Logo_HaiMy_warehouse_3.jpg\",\"width\":1791,\"height\":499,\"caption\":\"HAIMY RACK\"},\"image\":{\"@id\":\"https:\/\/haimy.com\/#\/schema\/logo\/image\/\"},\"sameAs\":[\"https:\/\/www.facebook.com\/khokechuahang\/\"]}]}<\/script>\n<!-- \/ Yoast SEO plugin. -->","yoast_head_json":{"title":"Th\u00f4ng tin li\u00ean h\u1ec7 - HAIMY RACK","description":"Th\u00f4ng tin li\u00ean h\u1ec7 C\u00f4ng ty C\u1ed5 Ph\u1ea7n C\u00f4ng Nghi\u1ec7p Hai My (Hai My Rack). Qu\u00fd kh\u00e1ch h\u00e0ng mua k\u1ec7 vui l\u00f2ng li\u00ean h\u1ec7: 0978 475 575 ho\u1eb7c Email: contact@haimy.com .......","robots":{"index":"index","follow":"follow","max-snippet":"max-snippet:-1","max-image-preview":"max-image-preview:large","max-video-preview":"max-video-preview:-1"},"canonical":"https:\/\/haimy.com\/zh\/\u8054\u7cfb\u65b9\u5f0f\/","og_locale":"zh_CN","og_type":"article","og_title":"Th\u00f4ng tin li\u00ean h\u1ec7 - HAIMY RACK","og_description":"Th\u00f4ng tin li\u00ean h\u1ec7 C\u00f4ng ty C\u1ed5 Ph\u1ea7n C\u00f4ng Nghi\u1ec7p Hai My (Hai My Rack). Qu\u00fd kh\u00e1ch h\u00e0ng mua k\u1ec7 vui l\u00f2ng li\u00ean h\u1ec7: 0978 475 575 ho\u1eb7c Email: contact@haimy.com .......","og_url":"https:\/\/haimy.com\/zh\/\u8054\u7cfb\u65b9\u5f0f\/","og_site_name":"HAIMY RACK","article_publisher":"https:\/\/www.facebook.com\/khokechuahang\/","article_modified_time":"2025-07-07T06:46:19+00:00","og_image":[{"width":2000,"height":2000,"url":"https:\/\/haimy.com\/wp-content\/uploads\/2023\/06\/logo-hai-my-rack.png","type":"image\/png"}],"twitter_card":"summary_large_image","twitter_misc":{"\u9884\u8ba1\u9605\u8bfb\u65f6\u95f4":"1\u5206"},"schema":{"@context":"https:\/\/schema.org","@graph":[{"@type":"WebPage","@id":"https:\/\/haimy.com\/thong-tin-lien-he\/","url":"https:\/\/haimy.com\/thong-tin-lien-he\/","name":"Th\u00f4ng tin li\u00ean h\u1ec7 - HAIMY RACK","isPartOf":{"@id":"https:\/\/haimy.com\/#website"},"datePublished":"2017-10-20T14:07:54+00:00","dateModified":"2025-07-07T06:46:19+00:00","description":"Th\u00f4ng tin li\u00ean h\u1ec7 C\u00f4ng ty C\u1ed5 Ph\u1ea7n C\u00f4ng Nghi\u1ec7p Hai My (Hai My Rack). Qu\u00fd kh\u00e1ch h\u00e0ng mua k\u1ec7 vui l\u00f2ng li\u00ean h\u1ec7: 0978 475 575 ho\u1eb7c Email: contact@haimy.com .......","breadcrumb":{"@id":"https:\/\/haimy.com\/thong-tin-lien-he\/#breadcrumb"},"inLanguage":"zh-CN","potentialAction":[{"@type":"ReadAction","target":["https:\/\/haimy.com\/thong-tin-lien-he\/"]}]},{"@type":"BreadcrumbList","@id":"https:\/\/haimy.com\/thong-tin-lien-he\/#breadcrumb","itemListElement":[{"@type":"ListItem","position":1,"name":"Trang ch\u1ee7","item":"https:\/\/haimy.com\/"},{"@type":"ListItem","position":2,"name":"Th\u00f4ng tin li\u00ean h\u1ec7"}]},{"@type":"WebSite","@id":"https:\/\/haimy.com\/#website","url":"https:\/\/haimy.com\/","name":"HAIMY RACK","description":"Nh\u00e0 s\u1ea3n xu\u1ea5t h\u1ec7 th\u1ed1ng kho k\u1ec7 ch\u1ee9a h\u00e0ng h\u00e0ng \u0111\u1ea7u t\u1ea1i Vi\u1ec7t Nam","publisher":{"@id":"https:\/\/haimy.com\/#organization"},"potentialAction":[{"@type":"SearchAction","target":{"@type":"EntryPoint","urlTemplate":"https:\/\/haimy.com\/?s={search_term_string}"},"query-input":"required name=search_term_string"}],"inLanguage":"zh-CN"},{"@type":"Organization","@id":"https:\/\/haimy.com\/#organization","name":"HAIMY RACK","url":"https:\/\/haimy.com\/","logo":{"@type":"ImageObject","inLanguage":"zh-CN","@id":"https:\/\/haimy.com\/#\/schema\/logo\/image\/","url":"https:\/\/haimy.com\/wp-content\/uploads\/2017\/10\/1365498518_Logo_HaiMy_warehouse_3.jpg","contentUrl":"https:\/\/haimy.com\/wp-content\/uploads\/2017\/10\/1365498518_Logo_HaiMy_warehouse_3.jpg","width":1791,"height":499,"caption":"HAIMY RACK"},"image":{"@id":"https:\/\/haimy.com\/#\/schema\/logo\/image\/"},"sameAs":["https:\/\/www.facebook.com\/khokechuahang\/"]}]}},"_links":{"self":[{"href":"https:\/\/haimy.com\/zh\/wp-json\/wp\/v2\/pages\/388"}],"collection":[{"href":"https:\/\/haimy.com\/zh\/wp-json\/wp\/v2\/pages"}],"about":[{"href":"https:\/\/haimy.com\/zh\/wp-json\/wp\/v2\/types\/page"}],"author":[{"embeddable":true,"href":"https:\/\/haimy.com\/zh\/wp-json\/wp\/v2\/users\/2"}],"replies":[{"embeddable":true,"href":"https:\/\/haimy.com\/zh\/wp-json\/wp\/v2\/comments?post=388"}],"version-history":[{"count":27,"href":"https:\/\/haimy.com\/zh\/wp-json\/wp\/v2\/pages\/388\/revisions"}],"predecessor-version":[{"id":8850,"href":"https:\/\/haimy.com\/zh\/wp-json\/wp\/v2\/pages\/388\/revisions\/8850"}],"wp:featuredmedia":[{"embeddable":true,"href":"https:\/\/haimy.com\/zh\/wp-json\/wp\/v2\/media\/7683"}],"wp:attachment":[{"href":"https:\/\/haimy.com\/zh\/wp-json\/wp\/v2\/media?parent=388"}],"curies":[{"name":"wp","href":"https:\/\/api.w.org\/{rel}","templated":true}]}}