{"id":2228,"date":"2022-10-11T04:20:26","date_gmt":"2022-10-11T04:20:26","guid":{"rendered":"https:\/\/haimy.com\/?page_id=2228"},"modified":"2024-03-15T13:52:30","modified_gmt":"2024-03-15T13:52:30","slug":"tin-tuc","status":"publish","type":"page","link":"https:\/\/haimy.com\/zh\/%e6%b6%88%e6%81%af\/","title":{"rendered":"\u6d88\u606f"},"content":{"rendered":"","protected":false},"excerpt":{"rendered":"","protected":false},"author":2,"featured_media":7684,"parent":0,"menu_order":0,"comment_status":"closed","ping_status":"closed","template":"blog-large-image-with-dividers.php","meta":[],"yoast_head":"<!-- This site is optimized with the Yoast SEO plugin v20.4 - https:\/\/yoast.com\/wordpress\/plugins\/seo\/ -->\n<title>Tin t\u1ee9c - HAI MY RACK<\/title>\n<meta name=\"description\" content=\"Tin t\u1ee9c v\u00e0 b\u00e0i vi\u1ebft v\u1ec1 c\u00e1c lo\u1ea1i k\u1ec7 ch\u1ee9a h\u00e0ng, k\u1ec7 c\u00f4ng nghi\u1ec7p, k\u1ec7 kho h\u00e0ng c\u1ee7a HAI MY RACK. \u0110\u1ec3 nh\u1eadn t\u01b0 v\u1ea5n mi\u1ec5n ph\u00ed, li\u00ean h\u1ec7: 0978 475 575\" \/>\n<meta name=\"robots\" content=\"index, follow, max-snippet:-1, max-image-preview:large, max-video-preview:-1\" \/>\n<link rel=\"canonical\" href=\"https:\/\/haimy.com\/zh\/\u6d88\u606f\/\" \/>\n<meta property=\"og:locale\" content=\"zh_CN\" \/>\n<meta property=\"og:type\" content=\"article\" \/>\n<meta property=\"og:title\" content=\"Tin t\u1ee9c - HAI MY RACK\" \/>\n<meta property=\"og:description\" content=\"Tin t\u1ee9c v\u00e0 b\u00e0i vi\u1ebft v\u1ec1 c\u00e1c lo\u1ea1i k\u1ec7 ch\u1ee9a h\u00e0ng, k\u1ec7 c\u00f4ng nghi\u1ec7p, k\u1ec7 kho h\u00e0ng c\u1ee7a HAI MY RACK. \u0110\u1ec3 nh\u1eadn t\u01b0 v\u1ea5n mi\u1ec5n ph\u00ed, li\u00ean h\u1ec7: 0978 475 575\" \/>\n<meta property=\"og:url\" content=\"https:\/\/haimy.com\/zh\/\u6d88\u606f\/\" \/>\n<meta property=\"og:site_name\" content=\"HAIMY RACK\" \/>\n<meta property=\"article:publisher\" content=\"https:\/\/www.facebook.com\/khokechuahang\/\" \/>\n<meta property=\"article:modified_time\" content=\"2024-03-15T13:52:30+00:00\" \/>\n<meta property=\"og:image\" content=\"https:\/\/haimy.com\/wp-content\/uploads\/2023\/06\/logo-hai-my-warehouse-solutions.png\" \/>\n\t<meta property=\"og:image:width\" content=\"800\" \/>\n\t<meta property=\"og:image:height\" content=\"800\" \/>\n\t<meta property=\"og:image:type\" content=\"image\/png\" \/>\n<meta name=\"twitter:card\" content=\"summary_large_image\" \/>\n<script type=\"application\/ld+json\" class=\"yoast-schema-graph\">{\"@context\":\"https:\/\/schema.org\",\"@graph\":[{\"@type\":\"WebPage\",\"@id\":\"https:\/\/haimy.com\/tin-tuc\/\",\"url\":\"https:\/\/haimy.com\/tin-tuc\/\",\"name\":\"Tin t\u1ee9c - HAI MY RACK\",\"isPartOf\":{\"@id\":\"https:\/\/haimy.com\/#website\"},\"datePublished\":\"2022-10-11T04:20:26+00:00\",\"dateModified\":\"2024-03-15T13:52:30+00:00\",\"description\":\"Tin t\u1ee9c v\u00e0 b\u00e0i vi\u1ebft v\u1ec1 c\u00e1c lo\u1ea1i k\u1ec7 ch\u1ee9a h\u00e0ng, k\u1ec7 c\u00f4ng nghi\u1ec7p, k\u1ec7 kho h\u00e0ng c\u1ee7a HAI MY RACK. \u0110\u1ec3 nh\u1eadn t\u01b0 v\u1ea5n mi\u1ec5n ph\u00ed, li\u00ean h\u1ec7: 0978 475 575\",\"breadcrumb\":{\"@id\":\"https:\/\/haimy.com\/tin-tuc\/#breadcrumb\"},\"inLanguage\":\"zh-CN\",\"potentialAction\":[{\"@type\":\"ReadAction\",\"target\":[\"https:\/\/haimy.com\/tin-tuc\/\"]}]},{\"@type\":\"BreadcrumbList\",\"@id\":\"https:\/\/haimy.com\/tin-tuc\/#breadcrumb\",\"itemListElement\":[{\"@type\":\"ListItem\",\"position\":1,\"name\":\"Trang ch\u1ee7\",\"item\":\"https:\/\/haimy.com\/\"},{\"@type\":\"ListItem\",\"position\":2,\"name\":\"Tin t\u1ee9c\"}]},{\"@type\":\"WebSite\",\"@id\":\"https:\/\/haimy.com\/#website\",\"url\":\"https:\/\/haimy.com\/\",\"name\":\"HAIMY RACK\",\"description\":\"Nh\u00e0 s\u1ea3n xu\u1ea5t h\u1ec7 th\u1ed1ng kho k\u1ec7 ch\u1ee9a h\u00e0ng h\u00e0ng \u0111\u1ea7u t\u1ea1i Vi\u1ec7t Nam\",\"publisher\":{\"@id\":\"https:\/\/haimy.com\/#organization\"},\"potentialAction\":[{\"@type\":\"SearchAction\",\"target\":{\"@type\":\"EntryPoint\",\"urlTemplate\":\"https:\/\/haimy.com\/?s={search_term_string}\"},\"query-input\":\"required name=search_term_string\"}],\"inLanguage\":\"zh-CN\"},{\"@type\":\"Organization\",\"@id\":\"https:\/\/haimy.com\/#organization\",\"name\":\"HAIMY RACK\",\"url\":\"https:\/\/haimy.com\/\",\"logo\":{\"@type\":\"ImageObject\",\"inLanguage\":\"zh-CN\",\"@id\":\"https:\/\/haimy.com\/#\/schema\/logo\/image\/\",\"url\":\"https:\/\/haimy.com\/wp-content\/uploads\/2017\/10\/1365498518_Logo_HaiMy_warehouse_3.jpg\",\"contentUrl\":\"https:\/\/haimy.com\/wp-content\/uploads\/2017\/10\/1365498518_Logo_HaiMy_warehouse_3.jpg\",\"width\":1791,\"height\":499,\"caption\":\"HAIMY RACK\"},\"image\":{\"@id\":\"https:\/\/haimy.com\/#\/schema\/logo\/image\/\"},\"sameAs\":[\"https:\/\/www.facebook.com\/khokechuahang\/\"]}]}<\/script>\n<!-- \/ Yoast SEO plugin. -->","yoast_head_json":{"title":"Tin t\u1ee9c - HAI MY RACK","description":"Tin t\u1ee9c v\u00e0 b\u00e0i vi\u1ebft v\u1ec1 c\u00e1c lo\u1ea1i k\u1ec7 ch\u1ee9a h\u00e0ng, k\u1ec7 c\u00f4ng nghi\u1ec7p, k\u1ec7 kho h\u00e0ng c\u1ee7a HAI MY RACK. \u0110\u1ec3 nh\u1eadn t\u01b0 v\u1ea5n mi\u1ec5n ph\u00ed, li\u00ean h\u1ec7: 0978 475 575","robots":{"index":"index","follow":"follow","max-snippet":"max-snippet:-1","max-image-preview":"max-image-preview:large","max-video-preview":"max-video-preview:-1"},"canonical":"https:\/\/haimy.com\/zh\/\u6d88\u606f\/","og_locale":"zh_CN","og_type":"article","og_title":"Tin t\u1ee9c - HAI MY RACK","og_description":"Tin t\u1ee9c v\u00e0 b\u00e0i vi\u1ebft v\u1ec1 c\u00e1c lo\u1ea1i k\u1ec7 ch\u1ee9a h\u00e0ng, k\u1ec7 c\u00f4ng nghi\u1ec7p, k\u1ec7 kho h\u00e0ng c\u1ee7a HAI MY RACK. \u0110\u1ec3 nh\u1eadn t\u01b0 v\u1ea5n mi\u1ec5n ph\u00ed, li\u00ean h\u1ec7: 0978 475 575","og_url":"https:\/\/haimy.com\/zh\/\u6d88\u606f\/","og_site_name":"HAIMY RACK","article_publisher":"https:\/\/www.facebook.com\/khokechuahang\/","article_modified_time":"2024-03-15T13:52:30+00:00","og_image":[{"width":800,"height":800,"url":"https:\/\/haimy.com\/wp-content\/uploads\/2023\/06\/logo-hai-my-warehouse-solutions.png","type":"image\/png"}],"twitter_card":"summary_large_image","schema":{"@context":"https:\/\/schema.org","@graph":[{"@type":"WebPage","@id":"https:\/\/haimy.com\/tin-tuc\/","url":"https:\/\/haimy.com\/tin-tuc\/","name":"Tin t\u1ee9c - HAI MY RACK","isPartOf":{"@id":"https:\/\/haimy.com\/#website"},"datePublished":"2022-10-11T04:20:26+00:00","dateModified":"2024-03-15T13:52:30+00:00","description":"Tin t\u1ee9c v\u00e0 b\u00e0i vi\u1ebft v\u1ec1 c\u00e1c lo\u1ea1i k\u1ec7 ch\u1ee9a h\u00e0ng, k\u1ec7 c\u00f4ng nghi\u1ec7p, k\u1ec7 kho h\u00e0ng c\u1ee7a HAI MY RACK. \u0110\u1ec3 nh\u1eadn t\u01b0 v\u1ea5n mi\u1ec5n ph\u00ed, li\u00ean h\u1ec7: 0978 475 575","breadcrumb":{"@id":"https:\/\/haimy.com\/tin-tuc\/#breadcrumb"},"inLanguage":"zh-CN","potentialAction":[{"@type":"ReadAction","target":["https:\/\/haimy.com\/tin-tuc\/"]}]},{"@type":"BreadcrumbList","@id":"https:\/\/haimy.com\/tin-tuc\/#breadcrumb","itemListElement":[{"@type":"ListItem","position":1,"name":"Trang ch\u1ee7","item":"https:\/\/haimy.com\/"},{"@type":"ListItem","position":2,"name":"Tin t\u1ee9c"}]},{"@type":"WebSite","@id":"https:\/\/haimy.com\/#website","url":"https:\/\/haimy.com\/","name":"HAIMY RACK","description":"Nh\u00e0 s\u1ea3n xu\u1ea5t h\u1ec7 th\u1ed1ng kho k\u1ec7 ch\u1ee9a h\u00e0ng h\u00e0ng \u0111\u1ea7u t\u1ea1i Vi\u1ec7t Nam","publisher":{"@id":"https:\/\/haimy.com\/#organization"},"potentialAction":[{"@type":"SearchAction","target":{"@type":"EntryPoint","urlTemplate":"https:\/\/haimy.com\/?s={search_term_string}"},"query-input":"required name=search_term_string"}],"inLanguage":"zh-CN"},{"@type":"Organization","@id":"https:\/\/haimy.com\/#organization","name":"HAIMY RACK","url":"https:\/\/haimy.com\/","logo":{"@type":"ImageObject","inLanguage":"zh-CN","@id":"https:\/\/haimy.com\/#\/schema\/logo\/image\/","url":"https:\/\/haimy.com\/wp-content\/uploads\/2017\/10\/1365498518_Logo_HaiMy_warehouse_3.jpg","contentUrl":"https:\/\/haimy.com\/wp-content\/uploads\/2017\/10\/1365498518_Logo_HaiMy_warehouse_3.jpg","width":1791,"height":499,"caption":"HAIMY RACK"},"image":{"@id":"https:\/\/haimy.com\/#\/schema\/logo\/image\/"},"sameAs":["https:\/\/www.facebook.com\/khokechuahang\/"]}]}},"_links":{"self":[{"href":"https:\/\/haimy.com\/zh\/wp-json\/wp\/v2\/pages\/2228"}],"collection":[{"href":"https:\/\/haimy.com\/zh\/wp-json\/wp\/v2\/pages"}],"about":[{"href":"https:\/\/haimy.com\/zh\/wp-json\/wp\/v2\/types\/page"}],"author":[{"embeddable":true,"href":"https:\/\/haimy.com\/zh\/wp-json\/wp\/v2\/users\/2"}],"replies":[{"embeddable":true,"href":"https:\/\/haimy.com\/zh\/wp-json\/wp\/v2\/comments?post=2228"}],"version-history":[{"count":13,"href":"https:\/\/haimy.com\/zh\/wp-json\/wp\/v2\/pages\/2228\/revisions"}],"predecessor-version":[{"id":7693,"href":"https:\/\/haimy.com\/zh\/wp-json\/wp\/v2\/pages\/2228\/revisions\/7693"}],"wp:featuredmedia":[{"embeddable":true,"href":"https:\/\/haimy.com\/zh\/wp-json\/wp\/v2\/media\/7684"}],"wp:attachment":[{"href":"https:\/\/haimy.com\/zh\/wp-json\/wp\/v2\/media?parent=2228"}],"curies":[{"name":"wp","href":"https:\/\/api.w.org\/{rel}","templated":true}]}}