{"id":343,"date":"2017-10-20T10:58:05","date_gmt":"2017-10-20T10:58:05","guid":{"rendered":"http:\/\/bridge96.qodeinteractive.com\/?page_id=343"},"modified":"2024-03-06T08:20:59","modified_gmt":"2024-03-06T08:20:59","slug":"faq","status":"publish","type":"page","link":"https:\/\/haimy.com\/en\/faq\/","title":{"rendered":"FAQ"},"content":{"rendered":"<div class=\"wpb-content-wrapper\"><div class=\"vc_row wpb_row section vc_row-fluid  grid_section\" style=' text-align:left;'><div class=\"section_inner clearfix\"><div class='section_inner_margin clearfix'><div class=\"wpb_column vc_column_container vc_col-sm-12\"><div class=\"vc_column-inner\"><div class=\"wpb_wrapper\"><div class=\"separator  normal\" style=\"margin-bottom: 50px;background-color: #e2e2e2;\"><\/div>\n<\/div><\/div><\/div><\/div><\/div><\/div><div      class=\"vc_row wpb_row section vc_row-fluid  vc_custom_1508497716186 grid_section\" style=' text-align:left;'><div class=\"section_inner clearfix\"><div class='section_inner_margin clearfix'><div class=\"wpb_column vc_column_container vc_col-sm-12 vc_col-lg-4 vc_col-md-4 vc_col-xs-12\"><div class=\"vc_column-inner\"><div class=\"wpb_wrapper\">\n\t<div class=\"wpb_single_image wpb_content_element vc_align_left\">\n\t\t<div class=\"wpb_wrapper\">\n\t\t\t\n\t\t\t<div class=\"vc_single_image-wrapper vc_box_shadow_border  vc_box_border_grey\"><img width=\"411\" height=\"575\" src=\"https:\/\/haimy.com\/wp-content\/uploads\/2017\/10\/kho-ke-chua-hang-selective-009.jpg\" class=\"vc_single_image-img attachment-full\" alt=\"Selective pallet rack\" decoding=\"async\" loading=\"lazy\" title=\"kho-ke-chua-hang-selective-009\" srcset=\"https:\/\/haimy.com\/wp-content\/uploads\/2017\/10\/kho-ke-chua-hang-selective-009.jpg 411w, https:\/\/haimy.com\/wp-content\/uploads\/2017\/10\/kho-ke-chua-hang-selective-009-214x300.jpg 214w\" sizes=\"(max-width: 411px) 100vw, 411px\" \/><\/div>\n\t\t<\/div>\n\t<\/div>\n\t<div class=\"vc_empty_space\"  style=\"height: 40px\" ><span\n\t\t\tclass=\"vc_empty_space_inner\">\n\t\t\t<span class=\"empty_space_image\"  ><\/span>\n\t\t<\/span><\/div>\n\n<\/div><\/div><\/div><div class=\"wpb_column vc_column_container vc_col-sm-12 vc_col-lg-8 vc_col-md-8 vc_col-xs-12\"><div class=\"vc_column-inner\"><div class=\"wpb_wrapper\"><div class=\"qode-accordion-holder clearfix qode-accordion qode-initial\">\n\t<h4 class=\"clearfix qode-title-holder\">\n<span class=\"qode-tab-title\">\n\t    <span class=\"qode-tab-title-inner\">\n        How to upgrade the warehouse system?    <\/span>\n<\/span>\n<span class=\"qode-accordion-mark\">\n    <span class=\"qode-accordion-mark-icon\">\n        <span class=\"icon_plus\"><\/span>\n        <span class=\"icon_minus-06\"><\/span>\n    <\/span>\n<\/span>\n<\/h4>\n<div class=\"qode-accordion-content\" >\n    <div class=\"qode-accordion-content-inner\">\n        \n\t<div class=\"wpb_text_column wpb_content_element\">\n\t\t<div class=\"wpb_wrapper\">\n\t\t\t<p>Before purchasing warehouse shelving it is important to understand your needs.<\/p>\n<p>&nbsp;<\/p>\n<p>Our sales staff is shelving experts who understand your concerns, and will use their vast experience to find solutions to your warehouse shelving needs. There are many different types of warehouse shelving including: pallet rack, industrial rack, light storage shelving, steel storage racks, cantilever racks and more. We can provide installation services for moves and relocation. HAIMY can meet your warehouse storage needs whatever the size, capacity or design. We will work with you to determine the best warehouse shelving system to meet your needs.<\/p>\n<p>&nbsp;<\/p>\n<p>Please try to raise your problems, questions with our sales team; We are ready to listen, absorb your issues, and then we will suggest you the best racking system that suits your requirements, and you just need to make a decision about them. I am a manufacturer, providing you with shelf products\u2026 we will quickly respond to your needs.<\/p>\n\n\t\t<\/div> \n\t<\/div>     <\/div>\n<\/div><h4 class=\"clearfix qode-title-holder\">\n<span class=\"qode-tab-title\">\n\t    <span class=\"qode-tab-title-inner\">\n        How to choose the optimal investment budget for the best effective storage system?    <\/span>\n<\/span>\n<span class=\"qode-accordion-mark\">\n    <span class=\"qode-accordion-mark-icon\">\n        <span class=\"icon_plus\"><\/span>\n        <span class=\"icon_minus-06\"><\/span>\n    <\/span>\n<\/span>\n<\/h4>\n<div class=\"qode-accordion-content\" >\n    <div class=\"qode-accordion-content-inner\">\n        \n\t<div class=\"wpb_text_column wpb_content_element\">\n\t\t<div class=\"wpb_wrapper\">\n\t\t\t<p><strong>When looking for a warehouse rack system at the best price.<\/strong><\/p>\n<ul>\n<li><i class=\"icon-right-dir\">HAIMY is your one stop shopping location.<\/i><\/li>\n<li><i class=\"icon-right-dir\">Our warehouse rack systems are the choice when you need more capacity than traditional shelving offers, and are designed for immediate load access of all pallets and have easy installation and re-configuration capability.<\/i><\/li>\n<li><i class=\"icon-right-dir\">Look to HAIMY when trying to find the safest warehouse rack system for your business.<\/i><span class=\"icon-right-dir\">\u00a0<\/span><\/li>\n<li><i class=\"icon-right-dir\">Try our sales department with your question.<\/i><\/li>\n<li><i class=\"icon-right-dir\">We listen to your needs and then we will suggest the optimal pallet storage rack system that you can count on to handle your particular storage situation or if you prefer you can order your pallet storage rack system online whichever you want.<\/i><\/li>\n<li><i class=\"icon-right-dir\">If you have any question please call or fax us about appropriately designing your new warehouse racking system.<\/i><\/li>\n<\/ul>\n\n\t\t<\/div> \n\t<\/div>     <\/div>\n<\/div><\/div><\/div><\/div><\/div><\/div><\/div><\/div><div      class=\"vc_row wpb_row section vc_row-fluid  vc_custom_1575887868654 grid_section\" style='background-image:url(https:\/\/haimy.com\/wp-content\/uploads\/2017\/10\/home-bckg-img2.jpg); text-align:left;'><div class=\"section_inner clearfix\"><div class='section_inner_margin clearfix'><div class=\"wpb_column vc_column_container vc_col-sm-12 vc_col-lg-3 vc_col-md-3 vc_col-xs-12\"><div class=\"vc_column-inner\"><div class=\"wpb_wrapper\"><div class='q_elements_holder one_column responsive_mode_from_768' ><div class='q_elements_item' data-animation='no'><div class='q_elements_item_inner'><div class='q_elements_item_content q_elements_holder_custom_923246' style='padding:0 0 0 21%'><style type=\"text\/css\" data-type=\"q_elements_custom_padding\" scoped>@media only screen and (min-width: 1024px) and (max-width: 1280px) { .q_elements_item_content.q_elements_holder_custom_923246{ padding: 0 0 0 24% !important;}}@media only screen and (min-width: 768px) and (max-width: 1024px) { .q_elements_item_content.q_elements_holder_custom_923246{ padding: 0 0 0 12% !important;}}<\/style>\n\t<div class=\"wpb_text_column wpb_content_element\">\n\t\t<div class=\"wpb_wrapper\">\n\t\t\t<h4>Pallet Racking<\/h4>\n\n\t\t<\/div> \n\t<\/div> \t<div class=\"vc_empty_space\"  style=\"height: 13px\" ><span\n\t\t\tclass=\"vc_empty_space_inner\">\n\t\t\t<span class=\"empty_space_image\"  ><\/span>\n\t\t<\/span><\/div>\n\n\n\t<div class=\"wpb_text_column wpb_content_element\">\n\t\t<div class=\"wpb_wrapper\">\n\t\t\t<h6><a href=\"https:\/\/haimy.com\/en\/selective-racking-system\/\">PALLET RACKING<\/a><\/h6>\n\n\t\t<\/div> \n\t<\/div> \t<div class=\"vc_empty_space\"  style=\"height: 9px\" ><span\n\t\t\tclass=\"vc_empty_space_inner\">\n\t\t\t<span class=\"empty_space_image\"  ><\/span>\n\t\t<\/span><\/div>\n\n\n\t<div class=\"wpb_text_column wpb_content_element\">\n\t\t<div class=\"wpb_wrapper\">\n\t\t\t<h6><a href=\"https:\/\/haimy.com\/en\/selective-racking-system\/\">SELECTIVE RACK<\/a><\/h6>\n\n\t\t<\/div> \n\t<\/div> \t<div class=\"vc_empty_space\"  style=\"height: 9px\" ><span\n\t\t\tclass=\"vc_empty_space_inner\">\n\t\t\t<span class=\"empty_space_image\"  ><\/span>\n\t\t<\/span><\/div>\n\n\n\t<div class=\"wpb_text_column wpb_content_element\">\n\t\t<div class=\"wpb_wrapper\">\n\t\t\t<h6><a href=\"https:\/\/haimy.com\/en\/double-deep-pallet-racking-system\/\">DOUBLE DEEP RACK<\/a><\/h6>\n\n\t\t<\/div> \n\t<\/div> \t<div class=\"vc_empty_space\"  style=\"height: 9px\" ><span\n\t\t\tclass=\"vc_empty_space_inner\">\n\t\t\t<span class=\"empty_space_image\"  ><\/span>\n\t\t<\/span><\/div>\n\n\n\t<div class=\"wpb_text_column wpb_content_element\">\n\t\t<div class=\"wpb_wrapper\">\n\t\t\t<h6><a href=\"https:\/\/haimy.com\/en\/very-narrow-aisle-racking-system\/\">NARROW AISLE<\/a><\/h6>\n\n\t\t<\/div> \n\t<\/div> \t<div class=\"vc_empty_space\"  style=\"height: 26px\" ><span\n\t\t\tclass=\"vc_empty_space_inner\">\n\t\t\t<span class=\"empty_space_image\"  ><\/span>\n\t\t<\/span><\/div>\n\n\n\t<div class=\"wpb_text_column wpb_content_element\">\n\t\t<div class=\"wpb_wrapper\">\n\t\t\t<h4>Non \u2013 Selective<\/h4>\n\n\t\t<\/div> \n\t<\/div> \t<div class=\"vc_empty_space\"  style=\"height: 13px\" ><span\n\t\t\tclass=\"vc_empty_space_inner\">\n\t\t\t<span class=\"empty_space_image\"  ><\/span>\n\t\t<\/span><\/div>\n\n\n\t<div class=\"wpb_text_column wpb_content_element\">\n\t\t<div class=\"wpb_wrapper\">\n\t\t\t<h6><a href=\"https:\/\/haimy.com\/en\/drive-in-drive-thru-pallet-racking-system\/\">DRIVE-IN PALLET RACKING<\/a><\/h6>\n\n\t\t<\/div> \n\t<\/div> \t<div class=\"vc_empty_space\"  style=\"height: 9px\" ><span\n\t\t\tclass=\"vc_empty_space_inner\">\n\t\t\t<span class=\"empty_space_image\"  ><\/span>\n\t\t<\/span><\/div>\n\n\n\t<div class=\"wpb_text_column wpb_content_element\">\n\t\t<div class=\"wpb_wrapper\">\n\t\t\t<h6><a href=\"https:\/\/haimy.com\/en\/non-pallet-racking\/\">NON - PALLET<\/a><\/h6>\n\n\t\t<\/div> \n\t<\/div> <\/div><\/div><\/div><\/div>\t<div class=\"vc_empty_space\"  style=\"height: 30px\" ><span\n\t\t\tclass=\"vc_empty_space_inner\">\n\t\t\t<span class=\"empty_space_image\"  ><\/span>\n\t\t<\/span><\/div>\n\n<\/div><\/div><\/div><div class=\"wpb_column vc_column_container vc_col-sm-12 vc_col-lg-3 vc_col-md-3 vc_col-xs-12\"><div class=\"vc_column-inner\"><div class=\"wpb_wrapper\"><div class='q_elements_holder one_column responsive_mode_from_768' ><div class='q_elements_item' data-animation='no'><div class='q_elements_item_inner'><div class='q_elements_item_content q_elements_holder_custom_504386' style='padding:0 0 0 21%'><style type=\"text\/css\" data-type=\"q_elements_custom_padding\" scoped>@media only screen and (min-width: 1024px) and (max-width: 1280px) { .q_elements_item_content.q_elements_holder_custom_504386{ padding: 0 0 0 24% !important;}}@media only screen and (min-width: 768px) and (max-width: 1024px) { .q_elements_item_content.q_elements_holder_custom_504386{ padding: 0 0 0 12% !important;}}<\/style>\n\t<div class=\"wpb_text_column wpb_content_element\">\n\t\t<div class=\"wpb_wrapper\">\n\t\t\t<h4>Non-Pallet Racking System<\/h4>\n\n\t\t<\/div> \n\t<\/div> \t<div class=\"vc_empty_space\"  style=\"height: 13px\" ><span\n\t\t\tclass=\"vc_empty_space_inner\">\n\t\t\t<span class=\"empty_space_image\"  ><\/span>\n\t\t<\/span><\/div>\n\n\n\t<div class=\"wpb_text_column wpb_content_element\">\n\t\t<div class=\"wpb_wrapper\">\n\t\t\t<h6><a href=\"https:\/\/haimy.com\/en\/cantilever-rack\/\">CANTILEVER STORAGE SYSTEM<\/a><\/h6>\n\n\t\t<\/div> \n\t<\/div> \t<div class=\"vc_empty_space\"  style=\"height: 9px\" ><span\n\t\t\tclass=\"vc_empty_space_inner\">\n\t\t\t<span class=\"empty_space_image\"  ><\/span>\n\t\t<\/span><\/div>\n\n\n\t<div class=\"wpb_text_column wpb_content_element\">\n\t\t<div class=\"wpb_wrapper\">\n\t\t\t<h6><a href=\"https:\/\/haimy.com\/en\/shelving-rack\/\">MEDIUM-DUTY SHELVING<\/a><\/h6>\n\n\t\t<\/div> \n\t<\/div> \t<div class=\"vc_empty_space\"  style=\"height: 9px\" ><span\n\t\t\tclass=\"vc_empty_space_inner\">\n\t\t\t<span class=\"empty_space_image\"  ><\/span>\n\t\t<\/span><\/div>\n\n\n\t<div class=\"wpb_text_column wpb_content_element\">\n\t\t<div class=\"wpb_wrapper\">\n\t\t\t<h6><a href=\"https:\/\/haimy.com\/en\/non-pallet-racking\/\">NON - PALLET<\/a><\/h6>\n\n\t\t<\/div> \n\t<\/div> <\/div><\/div><\/div><\/div>\t<div class=\"vc_empty_space\"  style=\"height: 30px\" ><span\n\t\t\tclass=\"vc_empty_space_inner\">\n\t\t\t<span class=\"empty_space_image\"  ><\/span>\n\t\t<\/span><\/div>\n\n<\/div><\/div><\/div><div class=\"wpb_column vc_column_container vc_col-sm-12 vc_col-lg-3 vc_col-md-3 vc_col-xs-12\"><div class=\"vc_column-inner\"><div class=\"wpb_wrapper\"><div class='q_elements_holder one_column responsive_mode_from_768' ><div class='q_elements_item' data-animation='no'><div class='q_elements_item_inner'><div class='q_elements_item_content q_elements_holder_custom_609279' style='padding:0 0 0 21%'><style type=\"text\/css\" data-type=\"q_elements_custom_padding\" scoped>@media only screen and (min-width: 1024px) and (max-width: 1280px) { .q_elements_item_content.q_elements_holder_custom_609279{ padding: 0 0 0 24% !important;}}@media only screen and (min-width: 768px) and (max-width: 1024px) { .q_elements_item_content.q_elements_holder_custom_609279{ padding: 0 0 0 12% !important;}}<\/style>\n\t<div class=\"wpb_text_column wpb_content_element\">\n\t\t<div class=\"wpb_wrapper\">\n\t\t\t<h4>Other Products<\/h4>\n\n\t\t<\/div> \n\t<\/div> \t<div class=\"vc_empty_space\"  style=\"height: 13px\" ><span\n\t\t\tclass=\"vc_empty_space_inner\">\n\t\t\t<span class=\"empty_space_image\"  ><\/span>\n\t\t<\/span><\/div>\n\n\n\t<div class=\"wpb_text_column wpb_content_element\">\n\t\t<div class=\"wpb_wrapper\">\n\t\t\t<h6><a href=\"https:\/\/haimy.com\/en\/mobile-shelving-rack\/\">MOBILE SHELVING<\/a><\/h6>\n\n\t\t<\/div> \n\t<\/div> \t<div class=\"vc_empty_space\"  style=\"height: 9px\" ><span\n\t\t\tclass=\"vc_empty_space_inner\">\n\t\t\t<span class=\"empty_space_image\"  ><\/span>\n\t\t<\/span><\/div>\n\n\n\t<div class=\"wpb_text_column wpb_content_element\">\n\t\t<div class=\"wpb_wrapper\">\n\t\t\t<h6><a href=\"https:\/\/haimy.com\/en\/mezzanine-rack\/\">MEZZANINE FLOOR<\/a><\/h6>\n\n\t\t<\/div> \n\t<\/div> \t<div class=\"vc_empty_space\"  style=\"height: 9px\" ><span\n\t\t\tclass=\"vc_empty_space_inner\">\n\t\t\t<span class=\"empty_space_image\"  ><\/span>\n\t\t<\/span><\/div>\n\n\n\t<div class=\"wpb_text_column wpb_content_element\">\n\t\t<div class=\"wpb_wrapper\">\n\t\t\t<h6><a href=\"https:\/\/haimy.com\/en\/automatic-pallet-racking\/\">AUTOMATIC PALLET RACKING<\/a><\/h6>\n\n\t\t<\/div> \n\t<\/div> \t<div class=\"vc_empty_space\"  style=\"height: 9px\" ><span\n\t\t\tclass=\"vc_empty_space_inner\">\n\t\t\t<span class=\"empty_space_image\"  ><\/span>\n\t\t<\/span><\/div>\n\n\n\t<div class=\"wpb_text_column wpb_content_element\">\n\t\t<div class=\"wpb_wrapper\">\n\t\t\t<h6><a href=\"https:\/\/haimy.com\/en\/stacking-rack\/\">stacking rack<\/a><\/h6>\n\n\t\t<\/div> \n\t<\/div> \t<div class=\"vc_empty_space\"  style=\"height: 9px\" ><span\n\t\t\tclass=\"vc_empty_space_inner\">\n\t\t\t<span class=\"empty_space_image\"  ><\/span>\n\t\t<\/span><\/div>\n\n\n\t<div class=\"wpb_text_column wpb_content_element\">\n\t\t<div class=\"wpb_wrapper\">\n\t\t\t<h6><a href=\"https:\/\/haimy.com\/en\/supermarket-rack\/\">SUPERMARKET RACK<\/a><\/h6>\n\n\t\t<\/div> \n\t<\/div> \t<div class=\"vc_empty_space\"  style=\"height: 9px\" ><span\n\t\t\tclass=\"vc_empty_space_inner\">\n\t\t\t<span class=\"empty_space_image\"  ><\/span>\n\t\t<\/span><\/div>\n\n\n\t<div class=\"wpb_text_column wpb_content_element\">\n\t\t<div class=\"wpb_wrapper\">\n\t\t\t<h6><a href=\"https:\/\/haimy.com\/en\/wire-metal-shelves\/\">WIRE SHELVING<\/a><\/h6>\n\n\t\t<\/div> \n\t<\/div> \t<div class=\"vc_empty_space\"  style=\"height: 9px\" ><span\n\t\t\tclass=\"vc_empty_space_inner\">\n\t\t\t<span class=\"empty_space_image\"  ><\/span>\n\t\t<\/span><\/div>\n\n\n\t<div class=\"wpb_text_column wpb_content_element\">\n\t\t<div class=\"wpb_wrapper\">\n\t\t\t<h6><a href=\"https:\/\/haimy.com\/en\/iron-pallets\/\">STEEL PALLET<\/a><\/h6>\n\n\t\t<\/div> \n\t<\/div> <\/div><\/div><\/div><\/div>\t<div class=\"vc_empty_space\"  style=\"height: 30px\" ><span\n\t\t\tclass=\"vc_empty_space_inner\">\n\t\t\t<span class=\"empty_space_image\"  ><\/span>\n\t\t<\/span><\/div>\n\n<\/div><\/div><\/div><div class=\"wpb_column vc_column_container vc_col-sm-6 vc_col-lg-3 vc_col-md-3 vc_col-xs-12\"><div class=\"vc_column-inner\"><div class=\"wpb_wrapper\"><div class='q_elements_holder one_column responsive_mode_from_768' ><div class='q_elements_item' data-animation='no'><div class='q_elements_item_inner'><div class='q_elements_item_content q_elements_holder_custom_362599' style='padding:0 0 0 21%'><style type=\"text\/css\" data-type=\"q_elements_custom_padding\" scoped>@media only screen and (min-width: 1024px) and (max-width: 1280px) { .q_elements_item_content.q_elements_holder_custom_362599{ padding: 0 0 0 24% !important;}}@media only screen and (min-width: 768px) and (max-width: 1024px) { .q_elements_item_content.q_elements_holder_custom_362599{ padding: 0 0 0 12% !important;}}<\/style>\n\t<div class=\"wpb_text_column wpb_content_element\">\n\t\t<div class=\"wpb_wrapper\">\n\t\t\t<h4>Mechanical<\/h4>\n\n\t\t<\/div> \n\t<\/div> \t<div class=\"vc_empty_space\"  style=\"height: 13px\" ><span\n\t\t\tclass=\"vc_empty_space_inner\">\n\t\t\t<span class=\"empty_space_image\"  ><\/span>\n\t\t<\/span><\/div>\n\n\n\t<div class=\"wpb_text_column wpb_content_element\">\n\t\t<div class=\"wpb_wrapper\">\n\t\t\t<h6><a href=\"https:\/\/haimy.com\/en\/hot-dipped-galvanizing-service\/\">GALVANIZED STEEL<\/a><\/h6>\n\n\t\t<\/div> \n\t<\/div> \t<div class=\"vc_empty_space\"  style=\"height: 9px\" ><span\n\t\t\tclass=\"vc_empty_space_inner\">\n\t\t\t<span class=\"empty_space_image\"  ><\/span>\n\t\t<\/span><\/div>\n\n\n\t<div class=\"wpb_text_column wpb_content_element\">\n\t\t<div class=\"wpb_wrapper\">\n\t\t\t<h6><a href=\"https:\/\/haimy.com\/en\/powder-coating-service\/\">POWDER COATING<\/a><\/h6>\n\n\t\t<\/div> \n\t<\/div> <\/div><\/div><\/div><\/div>\t<div class=\"vc_empty_space\"  style=\"height: 30px\" ><span\n\t\t\tclass=\"vc_empty_space_inner\">\n\t\t\t<span class=\"empty_space_image\"  ><\/span>\n\t\t<\/span><\/div>\n\n<\/div><\/div><\/div><\/div><\/div><\/div><div      class=\"vc_row wpb_row section vc_row-fluid  vc_custom_1575183397400 grid_section\" style=' text-align:left;'><div class=\"section_inner clearfix\"><div class='section_inner_margin clearfix'><div class=\"wpb_column vc_column_container vc_col-sm-12 vc_col-has-fill\"><div class=\"vc_column-inner vc_custom_1578263387852\"><div class=\"wpb_wrapper\"><div class=\"qode-advanced-call-to-action\" style=\"height:168px\">\n\t<a class=\"advanced-cta-link\" href=\"tel:+84978475575\" target=\"_self\"><\/a>\n\t<div class=\"qode-advanced-cta-content\">\t\t\n\t    <span class=\"qode-advanced-cta-text-holder\" style=\"color:#ffffff;font-size:25px\">\n\t\t    Hotline:+84 978 475 575\t    <\/span>\n\t    <span class=\"qode-advanced-cta-icon-holder\" style=\"color:#ffffff;font-size:38px;font-weight:600;height:45px;width:45px\">\n\t\t    <span class=\"qode-advanced-cta-icon-holder-table\">\n\t\t    \t<span class=\"qode-advanced-cta-icon-holder-cell\" >\n\t\t\t    \t<span aria-hidden=\"true\" class=\"qode_icon_font_elegant arrow_right qode-advanced-cta-icon\" ><\/span>\t\t\t    <\/span>\n\t\t    <\/span>\n\t\t    \t    <\/span>\n\t<\/div>\n\t\t\t<div class=\"qode-advanced-cta-background-holder\">\n\t\t\t<span class=\"qode-advanced-cta-background-1 qode-type1-gradient-left-to-right\"><\/span>\n\t\t\t<span class=\"qode-advanced-cta-background-2 qode-type1-gradient-left-to-right\"><\/span>\n\t\t\t<span class=\"qode-advanced-cta-background-3\"><\/span>\n\t\t<\/div>\n\t<\/div><\/div><\/div><\/div><\/div><\/div><\/div><section      data-speed=\"1\" class=\"parallax_section_holder\" style = \" height:px; background-image:url('https:\/\/haimy.com\/wp-content\/uploads\/2017\/10\/kho-ke-chua-hang-selective-02.jpg');\"><div class=\"parallax_content center\"><div class='parallax_section_inner_margin clearfix'><div class=\"wpb_column vc_column_container vc_col-sm-12\"><div class=\"vc_column-inner\"><div class=\"wpb_wrapper\"><div      class=\"vc_row wpb_row section vc_row-fluid vc_inner  vc_custom_1575183353290\" style=' text-align:center;'><div class=\"full_section_inner clearfix\"><div class=\"wpb_column vc_column_container vc_col-sm-12 vc_col-lg-offset-1 vc_col-lg-10\"><div class=\"vc_column-inner\"><div class=\"wpb_wrapper\"><\/div><\/div><\/div><\/div><\/div><\/div><\/div><\/div><\/div><\/div><\/section>\n<\/div>","protected":false},"excerpt":{"rendered":"L\u00e0m th\u1ebf n\u00e0o n\u00e2ng c\u1ea5p h\u1ec7 th\u1ed1ng kho ch\u1ee9a h\u00e0ng tr\u00ean c\u01a1 s\u1edf c\u1ee7a kho ch\u1ee9a c\u0169? Trong tr\u01b0\u1eddng h\u1ee3p...","protected":false},"author":2,"featured_media":0,"parent":0,"menu_order":0,"comment_status":"closed","ping_status":"closed","template":"full_width.php","meta":[],"yoast_head":"<!-- This site is optimized with the Yoast SEO plugin v20.4 - https:\/\/yoast.com\/wordpress\/plugins\/seo\/ -->\n<title>FAQ - HAIMY RACK<\/title>\n<meta name=\"robots\" content=\"index, follow, max-snippet:-1, max-image-preview:large, max-video-preview:-1\" \/>\n<link rel=\"canonical\" href=\"https:\/\/haimy.com\/en\/faq\/\" \/>\n<meta property=\"og:locale\" content=\"en_US\" \/>\n<meta property=\"og:type\" content=\"article\" \/>\n<meta property=\"og:title\" content=\"FAQ - HAIMY RACK\" \/>\n<meta property=\"og:url\" content=\"https:\/\/haimy.com\/en\/faq\/\" \/>\n<meta property=\"og:site_name\" content=\"HAIMY RACK\" \/>\n<meta property=\"article:publisher\" content=\"https:\/\/www.facebook.com\/khokechuahang\/\" \/>\n<meta property=\"article:modified_time\" content=\"2024-03-06T08:20:59+00:00\" \/>\n<meta name=\"twitter:card\" content=\"summary_large_image\" \/>\n<meta name=\"twitter:label1\" content=\"Est. reading time\" \/>\n\t<meta name=\"twitter:data1\" content=\"4 minutes\" \/>\n<script type=\"application\/ld+json\" class=\"yoast-schema-graph\">{\"@context\":\"https:\/\/schema.org\",\"@graph\":[{\"@type\":\"WebPage\",\"@id\":\"https:\/\/haimy.com\/faq\/\",\"url\":\"https:\/\/haimy.com\/faq\/\",\"name\":\"FAQ - HAIMY RACK\",\"isPartOf\":{\"@id\":\"https:\/\/haimy.com\/#website\"},\"datePublished\":\"2017-10-20T10:58:05+00:00\",\"dateModified\":\"2024-03-06T08:20:59+00:00\",\"breadcrumb\":{\"@id\":\"https:\/\/haimy.com\/faq\/#breadcrumb\"},\"inLanguage\":\"en-US\",\"potentialAction\":[{\"@type\":\"ReadAction\",\"target\":[\"https:\/\/haimy.com\/faq\/\"]}]},{\"@type\":\"BreadcrumbList\",\"@id\":\"https:\/\/haimy.com\/faq\/#breadcrumb\",\"itemListElement\":[{\"@type\":\"ListItem\",\"position\":1,\"name\":\"Trang ch\u1ee7\",\"item\":\"https:\/\/haimy.com\/\"},{\"@type\":\"ListItem\",\"position\":2,\"name\":\"FAQ\"}]},{\"@type\":\"WebSite\",\"@id\":\"https:\/\/haimy.com\/#website\",\"url\":\"https:\/\/haimy.com\/\",\"name\":\"HAIMY RACK\",\"description\":\"Nh\u00e0 s\u1ea3n xu\u1ea5t h\u1ec7 th\u1ed1ng kho k\u1ec7 ch\u1ee9a h\u00e0ng h\u00e0ng \u0111\u1ea7u t\u1ea1i Vi\u1ec7t Nam\",\"publisher\":{\"@id\":\"https:\/\/haimy.com\/#organization\"},\"potentialAction\":[{\"@type\":\"SearchAction\",\"target\":{\"@type\":\"EntryPoint\",\"urlTemplate\":\"https:\/\/haimy.com\/?s={search_term_string}\"},\"query-input\":\"required name=search_term_string\"}],\"inLanguage\":\"en-US\"},{\"@type\":\"Organization\",\"@id\":\"https:\/\/haimy.com\/#organization\",\"name\":\"HAIMY RACK\",\"url\":\"https:\/\/haimy.com\/\",\"logo\":{\"@type\":\"ImageObject\",\"inLanguage\":\"en-US\",\"@id\":\"https:\/\/haimy.com\/#\/schema\/logo\/image\/\",\"url\":\"https:\/\/haimy.com\/wp-content\/uploads\/2017\/10\/1365498518_Logo_HaiMy_warehouse_3.jpg\",\"contentUrl\":\"https:\/\/haimy.com\/wp-content\/uploads\/2017\/10\/1365498518_Logo_HaiMy_warehouse_3.jpg\",\"width\":1791,\"height\":499,\"caption\":\"HAIMY RACK\"},\"image\":{\"@id\":\"https:\/\/haimy.com\/#\/schema\/logo\/image\/\"},\"sameAs\":[\"https:\/\/www.facebook.com\/khokechuahang\/\"]}]}<\/script>\n<!-- \/ Yoast SEO plugin. -->","yoast_head_json":{"title":"FAQ - HAIMY RACK","robots":{"index":"index","follow":"follow","max-snippet":"max-snippet:-1","max-image-preview":"max-image-preview:large","max-video-preview":"max-video-preview:-1"},"canonical":"https:\/\/haimy.com\/en\/faq\/","og_locale":"en_US","og_type":"article","og_title":"FAQ - HAIMY RACK","og_url":"https:\/\/haimy.com\/en\/faq\/","og_site_name":"HAIMY RACK","article_publisher":"https:\/\/www.facebook.com\/khokechuahang\/","article_modified_time":"2024-03-06T08:20:59+00:00","twitter_card":"summary_large_image","twitter_misc":{"Est. reading time":"4 minutes"},"schema":{"@context":"https:\/\/schema.org","@graph":[{"@type":"WebPage","@id":"https:\/\/haimy.com\/faq\/","url":"https:\/\/haimy.com\/faq\/","name":"FAQ - HAIMY RACK","isPartOf":{"@id":"https:\/\/haimy.com\/#website"},"datePublished":"2017-10-20T10:58:05+00:00","dateModified":"2024-03-06T08:20:59+00:00","breadcrumb":{"@id":"https:\/\/haimy.com\/faq\/#breadcrumb"},"inLanguage":"en-US","potentialAction":[{"@type":"ReadAction","target":["https:\/\/haimy.com\/faq\/"]}]},{"@type":"BreadcrumbList","@id":"https:\/\/haimy.com\/faq\/#breadcrumb","itemListElement":[{"@type":"ListItem","position":1,"name":"Trang ch\u1ee7","item":"https:\/\/haimy.com\/"},{"@type":"ListItem","position":2,"name":"FAQ"}]},{"@type":"WebSite","@id":"https:\/\/haimy.com\/#website","url":"https:\/\/haimy.com\/","name":"HAIMY RACK","description":"Nh\u00e0 s\u1ea3n xu\u1ea5t h\u1ec7 th\u1ed1ng kho k\u1ec7 ch\u1ee9a h\u00e0ng h\u00e0ng \u0111\u1ea7u t\u1ea1i Vi\u1ec7t Nam","publisher":{"@id":"https:\/\/haimy.com\/#organization"},"potentialAction":[{"@type":"SearchAction","target":{"@type":"EntryPoint","urlTemplate":"https:\/\/haimy.com\/?s={search_term_string}"},"query-input":"required name=search_term_string"}],"inLanguage":"en-US"},{"@type":"Organization","@id":"https:\/\/haimy.com\/#organization","name":"HAIMY RACK","url":"https:\/\/haimy.com\/","logo":{"@type":"ImageObject","inLanguage":"en-US","@id":"https:\/\/haimy.com\/#\/schema\/logo\/image\/","url":"https:\/\/haimy.com\/wp-content\/uploads\/2017\/10\/1365498518_Logo_HaiMy_warehouse_3.jpg","contentUrl":"https:\/\/haimy.com\/wp-content\/uploads\/2017\/10\/1365498518_Logo_HaiMy_warehouse_3.jpg","width":1791,"height":499,"caption":"HAIMY RACK"},"image":{"@id":"https:\/\/haimy.com\/#\/schema\/logo\/image\/"},"sameAs":["https:\/\/www.facebook.com\/khokechuahang\/"]}]}},"_links":{"self":[{"href":"https:\/\/haimy.com\/en\/wp-json\/wp\/v2\/pages\/343"}],"collection":[{"href":"https:\/\/haimy.com\/en\/wp-json\/wp\/v2\/pages"}],"about":[{"href":"https:\/\/haimy.com\/en\/wp-json\/wp\/v2\/types\/page"}],"author":[{"embeddable":true,"href":"https:\/\/haimy.com\/en\/wp-json\/wp\/v2\/users\/2"}],"replies":[{"embeddable":true,"href":"https:\/\/haimy.com\/en\/wp-json\/wp\/v2\/comments?post=343"}],"version-history":[{"count":20,"href":"https:\/\/haimy.com\/en\/wp-json\/wp\/v2\/pages\/343\/revisions"}],"predecessor-version":[{"id":8544,"href":"https:\/\/haimy.com\/en\/wp-json\/wp\/v2\/pages\/343\/revisions\/8544"}],"wp:attachment":[{"href":"https:\/\/haimy.com\/en\/wp-json\/wp\/v2\/media?parent=343"}],"curies":[{"name":"wp","href":"https:\/\/api.w.org\/{rel}","templated":true}]}}